{"id":3443,"date":"2020-10-12T14:47:06","date_gmt":"2020-10-12T13:47:06","guid":{"rendered":"https:\/\/torronediiorio.com\/negozio\/sin%20categor\u00eda\/meteora-liquore-di-torrone-alla-mandorla\/"},"modified":"2023-09-21T12:31:59","modified_gmt":"2023-09-21T11:31:59","slug":"meteora-licor-de-turron-de-almendra","status":"publish","type":"product","link":"https:\/\/torronediiorio.com\/es\/negozio\/antigua-maner\/meteora-licor-de-turron-de-almendra\/","title":{"rendered":"Meteora licor de turr\u00f3n de almendra"},"content":{"rendered":"<div class=\"page\" title=\"Page 24\">\n<div class=\"layoutArea\">\n<div class=\"column\">\n<div class=\"page\" title=\"Page 24\">\n<div class=\"layoutArea\">\n<div class=\"column\">\n<p>El sabor simple y refinado del tradicional turr\u00f3n de almendra de la casa Di Iorio encuentra una nueva expresi\u00f3n en el Licor Meteora, un licor dulce con un car\u00e1cter distintivo que logra resaltar a\u00fan m\u00e1s los aromas de las almendras tostadas y la miel, haci\u00e9ndolos muy agradables al paladar<\/p>\n<\/div>\n<\/div>\n<\/div>\n<\/div>\n<\/div>\n<\/div>\n","protected":false},"excerpt":{"rendered":"<p>El sabor simple y refinado del tradicional turr\u00f3n de almendra de la casa Di Iorio<\/p>\n","protected":false},"featured_media":3444,"template":"","meta":{"_acf_changed":false},"product_brand":[],"product_cat":[92,100],"product_tag":[],"class_list":{"0":"post-3443","1":"product","2":"type-product","3":"status-publish","4":"has-post-thumbnail","6":"product_cat-antigua-maner","7":"product_cat-licores","9":"first","10":"instock","11":"shipping-taxable","12":"purchasable","13":"product-type-simple"},"acf":[],"yoast_head":"<!-- This site is optimized with the Yoast SEO plugin v27.6 - https:\/\/yoast.com\/product\/yoast-seo-wordpress\/ -->\n<title>Meteora licor de turr\u00f3n de almendra - Federico Di Iorio s.r.l.<\/title>\n<meta name=\"robots\" content=\"index, follow, max-snippet:-1, max-image-preview:large, max-video-preview:-1\" \/>\n<link rel=\"canonical\" href=\"https:\/\/torronediiorio.com\/es\/negozio\/antigua-maner\/meteora-licor-de-turron-de-almendra\/\" \/>\n<meta property=\"og:locale\" content=\"es_ES\" \/>\n<meta property=\"og:type\" content=\"article\" \/>\n<meta property=\"og:title\" content=\"Meteora licor de turr\u00f3n de almendra - Federico Di Iorio s.r.l.\" \/>\n<meta property=\"og:description\" content=\"El sabor simple y refinado del tradicional turr\u00f3n de almendra de la casa Di Iorio\" \/>\n<meta property=\"og:url\" content=\"https:\/\/torronediiorio.com\/es\/negozio\/antigua-maner\/meteora-licor-de-turron-de-almendra\/\" \/>\n<meta property=\"og:site_name\" content=\"Federico Di Iorio s.r.l.\" \/>\n<meta property=\"article:publisher\" content=\"https:\/\/www.facebook.com\/torronificiodiiorio\" \/>\n<meta property=\"article:modified_time\" content=\"2023-09-21T11:31:59+00:00\" \/>\n<meta property=\"og:image\" content=\"https:\/\/torronediiorio.com\/wp-content\/uploads\/2020\/10\/meteora-1.jpg\" \/>\n\t<meta property=\"og:image:width\" content=\"600\" \/>\n\t<meta property=\"og:image:height\" content=\"600\" \/>\n\t<meta property=\"og:image:type\" content=\"image\/jpeg\" \/>\n<meta name=\"twitter:card\" content=\"summary_large_image\" \/>\n<script type=\"application\/ld+json\" class=\"yoast-schema-graph\">{\"@context\":\"https:\\\/\\\/schema.org\",\"@graph\":[{\"@type\":\"WebPage\",\"@id\":\"https:\\\/\\\/torronediiorio.com\\\/es\\\/negozio\\\/antigua-maner\\\/meteora-licor-de-turron-de-almendra\\\/\",\"url\":\"https:\\\/\\\/torronediiorio.com\\\/es\\\/negozio\\\/antigua-maner\\\/meteora-licor-de-turron-de-almendra\\\/\",\"name\":\"Meteora licor de turr\u00f3n de almendra - Federico Di Iorio s.r.l.\",\"isPartOf\":{\"@id\":\"https:\\\/\\\/torronediiorio.com\\\/es\\\/#website\"},\"primaryImageOfPage\":{\"@id\":\"https:\\\/\\\/torronediiorio.com\\\/es\\\/negozio\\\/antigua-maner\\\/meteora-licor-de-turron-de-almendra\\\/#primaryimage\"},\"image\":{\"@id\":\"https:\\\/\\\/torronediiorio.com\\\/es\\\/negozio\\\/antigua-maner\\\/meteora-licor-de-turron-de-almendra\\\/#primaryimage\"},\"thumbnailUrl\":\"https:\\\/\\\/torronediiorio.com\\\/wp-content\\\/uploads\\\/2020\\\/10\\\/meteora-1.jpg\",\"datePublished\":\"2020-10-12T13:47:06+00:00\",\"dateModified\":\"2023-09-21T11:31:59+00:00\",\"breadcrumb\":{\"@id\":\"https:\\\/\\\/torronediiorio.com\\\/es\\\/negozio\\\/antigua-maner\\\/meteora-licor-de-turron-de-almendra\\\/#breadcrumb\"},\"inLanguage\":\"es\",\"potentialAction\":[{\"@type\":\"ReadAction\",\"target\":[\"https:\\\/\\\/torronediiorio.com\\\/es\\\/negozio\\\/antigua-maner\\\/meteora-licor-de-turron-de-almendra\\\/\"]}]},{\"@type\":\"ImageObject\",\"inLanguage\":\"es\",\"@id\":\"https:\\\/\\\/torronediiorio.com\\\/es\\\/negozio\\\/antigua-maner\\\/meteora-licor-de-turron-de-almendra\\\/#primaryimage\",\"url\":\"https:\\\/\\\/torronediiorio.com\\\/wp-content\\\/uploads\\\/2020\\\/10\\\/meteora-1.jpg\",\"contentUrl\":\"https:\\\/\\\/torronediiorio.com\\\/wp-content\\\/uploads\\\/2020\\\/10\\\/meteora-1.jpg\",\"width\":600,\"height\":600},{\"@type\":\"BreadcrumbList\",\"@id\":\"https:\\\/\\\/torronediiorio.com\\\/es\\\/negozio\\\/antigua-maner\\\/meteora-licor-de-turron-de-almendra\\\/#breadcrumb\",\"itemListElement\":[{\"@type\":\"ListItem\",\"position\":1,\"name\":\"Inicio\",\"item\":\"https:\\\/\\\/torronediiorio.com\\\/es\\\/\"},{\"@type\":\"ListItem\",\"position\":2,\"name\":\"Tienda\",\"item\":\"https:\\\/\\\/torronediiorio.com\\\/es\\\/tienda\\\/\"},{\"@type\":\"ListItem\",\"position\":3,\"name\":\"Antigua Maner\",\"item\":\"https:\\\/\\\/torronediiorio.com\\\/es\\\/categoria-producto\\\/antigua-maner\\\/\"},{\"@type\":\"ListItem\",\"position\":4,\"name\":\"Meteora licor de turr\u00f3n de almendra\"}]},{\"@type\":\"WebSite\",\"@id\":\"https:\\\/\\\/torronediiorio.com\\\/es\\\/#website\",\"url\":\"https:\\\/\\\/torronediiorio.com\\\/es\\\/\",\"name\":\"Federico Di Iorio s.r.l.\",\"description\":\"Tradici\u00f3n de una dulzura ancestral\",\"publisher\":{\"@id\":\"https:\\\/\\\/torronediiorio.com\\\/es\\\/#organization\"},\"potentialAction\":[{\"@type\":\"SearchAction\",\"target\":{\"@type\":\"EntryPoint\",\"urlTemplate\":\"https:\\\/\\\/torronediiorio.com\\\/es\\\/?s={search_term_string}\"},\"query-input\":{\"@type\":\"PropertyValueSpecification\",\"valueRequired\":true,\"valueName\":\"search_term_string\"}}],\"inLanguage\":\"es\"},{\"@type\":\"Organization\",\"@id\":\"https:\\\/\\\/torronediiorio.com\\\/es\\\/#organization\",\"name\":\"Di Iorio Federico s.r.l.\",\"url\":\"https:\\\/\\\/torronediiorio.com\\\/es\\\/\",\"logo\":{\"@type\":\"ImageObject\",\"inLanguage\":\"es\",\"@id\":\"https:\\\/\\\/torronediiorio.com\\\/es\\\/#\\\/schema\\\/logo\\\/image\\\/\",\"url\":\"https:\\\/\\\/torronediiorio.com\\\/wp-content\\\/uploads\\\/2020\\\/10\\\/logo.png\",\"contentUrl\":\"https:\\\/\\\/torronediiorio.com\\\/wp-content\\\/uploads\\\/2020\\\/10\\\/logo.png\",\"width\":567,\"height\":615,\"caption\":\"Di Iorio Federico s.r.l.\"},\"image\":{\"@id\":\"https:\\\/\\\/torronediiorio.com\\\/es\\\/#\\\/schema\\\/logo\\\/image\\\/\"},\"sameAs\":[\"https:\\\/\\\/www.facebook.com\\\/torronificiodiiorio\",\"https:\\\/\\\/www.instagram.com\\\/torronediiorio\\\/\"]}]}<\/script>\n<!-- \/ Yoast SEO plugin. -->","yoast_head_json":{"title":"Meteora licor de turr\u00f3n de almendra - Federico Di Iorio s.r.l.","robots":{"index":"index","follow":"follow","max-snippet":"max-snippet:-1","max-image-preview":"max-image-preview:large","max-video-preview":"max-video-preview:-1"},"canonical":"https:\/\/torronediiorio.com\/es\/negozio\/antigua-maner\/meteora-licor-de-turron-de-almendra\/","og_locale":"es_ES","og_type":"article","og_title":"Meteora licor de turr\u00f3n de almendra - Federico Di Iorio s.r.l.","og_description":"El sabor simple y refinado del tradicional turr\u00f3n de almendra de la casa Di Iorio","og_url":"https:\/\/torronediiorio.com\/es\/negozio\/antigua-maner\/meteora-licor-de-turron-de-almendra\/","og_site_name":"Federico Di Iorio s.r.l.","article_publisher":"https:\/\/www.facebook.com\/torronificiodiiorio","article_modified_time":"2023-09-21T11:31:59+00:00","og_image":[{"width":600,"height":600,"url":"https:\/\/torronediiorio.com\/wp-content\/uploads\/2020\/10\/meteora-1.jpg","type":"image\/jpeg"}],"twitter_card":"summary_large_image","schema":{"@context":"https:\/\/schema.org","@graph":[{"@type":"WebPage","@id":"https:\/\/torronediiorio.com\/es\/negozio\/antigua-maner\/meteora-licor-de-turron-de-almendra\/","url":"https:\/\/torronediiorio.com\/es\/negozio\/antigua-maner\/meteora-licor-de-turron-de-almendra\/","name":"Meteora licor de turr\u00f3n de almendra - Federico Di Iorio s.r.l.","isPartOf":{"@id":"https:\/\/torronediiorio.com\/es\/#website"},"primaryImageOfPage":{"@id":"https:\/\/torronediiorio.com\/es\/negozio\/antigua-maner\/meteora-licor-de-turron-de-almendra\/#primaryimage"},"image":{"@id":"https:\/\/torronediiorio.com\/es\/negozio\/antigua-maner\/meteora-licor-de-turron-de-almendra\/#primaryimage"},"thumbnailUrl":"https:\/\/torronediiorio.com\/wp-content\/uploads\/2020\/10\/meteora-1.jpg","datePublished":"2020-10-12T13:47:06+00:00","dateModified":"2023-09-21T11:31:59+00:00","breadcrumb":{"@id":"https:\/\/torronediiorio.com\/es\/negozio\/antigua-maner\/meteora-licor-de-turron-de-almendra\/#breadcrumb"},"inLanguage":"es","potentialAction":[{"@type":"ReadAction","target":["https:\/\/torronediiorio.com\/es\/negozio\/antigua-maner\/meteora-licor-de-turron-de-almendra\/"]}]},{"@type":"ImageObject","inLanguage":"es","@id":"https:\/\/torronediiorio.com\/es\/negozio\/antigua-maner\/meteora-licor-de-turron-de-almendra\/#primaryimage","url":"https:\/\/torronediiorio.com\/wp-content\/uploads\/2020\/10\/meteora-1.jpg","contentUrl":"https:\/\/torronediiorio.com\/wp-content\/uploads\/2020\/10\/meteora-1.jpg","width":600,"height":600},{"@type":"BreadcrumbList","@id":"https:\/\/torronediiorio.com\/es\/negozio\/antigua-maner\/meteora-licor-de-turron-de-almendra\/#breadcrumb","itemListElement":[{"@type":"ListItem","position":1,"name":"Inicio","item":"https:\/\/torronediiorio.com\/es\/"},{"@type":"ListItem","position":2,"name":"Tienda","item":"https:\/\/torronediiorio.com\/es\/tienda\/"},{"@type":"ListItem","position":3,"name":"Antigua Maner","item":"https:\/\/torronediiorio.com\/es\/categoria-producto\/antigua-maner\/"},{"@type":"ListItem","position":4,"name":"Meteora licor de turr\u00f3n de almendra"}]},{"@type":"WebSite","@id":"https:\/\/torronediiorio.com\/es\/#website","url":"https:\/\/torronediiorio.com\/es\/","name":"Federico Di Iorio s.r.l.","description":"Tradici\u00f3n de una dulzura ancestral","publisher":{"@id":"https:\/\/torronediiorio.com\/es\/#organization"},"potentialAction":[{"@type":"SearchAction","target":{"@type":"EntryPoint","urlTemplate":"https:\/\/torronediiorio.com\/es\/?s={search_term_string}"},"query-input":{"@type":"PropertyValueSpecification","valueRequired":true,"valueName":"search_term_string"}}],"inLanguage":"es"},{"@type":"Organization","@id":"https:\/\/torronediiorio.com\/es\/#organization","name":"Di Iorio Federico s.r.l.","url":"https:\/\/torronediiorio.com\/es\/","logo":{"@type":"ImageObject","inLanguage":"es","@id":"https:\/\/torronediiorio.com\/es\/#\/schema\/logo\/image\/","url":"https:\/\/torronediiorio.com\/wp-content\/uploads\/2020\/10\/logo.png","contentUrl":"https:\/\/torronediiorio.com\/wp-content\/uploads\/2020\/10\/logo.png","width":567,"height":615,"caption":"Di Iorio Federico s.r.l."},"image":{"@id":"https:\/\/torronediiorio.com\/es\/#\/schema\/logo\/image\/"},"sameAs":["https:\/\/www.facebook.com\/torronificiodiiorio","https:\/\/www.instagram.com\/torronediiorio\/"]}]}},"_links":{"self":[{"href":"https:\/\/torronediiorio.com\/es\/wp-json\/wp\/v2\/product\/3443","targetHints":{"allow":["GET"]}}],"collection":[{"href":"https:\/\/torronediiorio.com\/es\/wp-json\/wp\/v2\/product"}],"about":[{"href":"https:\/\/torronediiorio.com\/es\/wp-json\/wp\/v2\/types\/product"}],"wp:featuredmedia":[{"embeddable":true,"href":"https:\/\/torronediiorio.com\/es\/wp-json\/wp\/v2\/media\/3444"}],"wp:attachment":[{"href":"https:\/\/torronediiorio.com\/es\/wp-json\/wp\/v2\/media?parent=3443"}],"wp:term":[{"taxonomy":"product_brand","embeddable":true,"href":"https:\/\/torronediiorio.com\/es\/wp-json\/wp\/v2\/product_brand?post=3443"},{"taxonomy":"product_cat","embeddable":true,"href":"https:\/\/torronediiorio.com\/es\/wp-json\/wp\/v2\/product_cat?post=3443"},{"taxonomy":"product_tag","embeddable":true,"href":"https:\/\/torronediiorio.com\/es\/wp-json\/wp\/v2\/product_tag?post=3443"}],"curies":[{"name":"wp","href":"https:\/\/api.w.org\/{rel}","templated":true}]}}