{"id":3557,"date":"2020-09-29T14:44:05","date_gmt":"2020-09-29T13:44:05","guid":{"rendered":"https:\/\/torronediiorio.com\/negozio\/sin%20categor\u00eda\/torrone-friabile-farcito-al-cioccolato\/"},"modified":"2023-10-04T11:36:51","modified_gmt":"2023-10-04T10:36:51","slug":"turron-crujiente-relleno-de-chocolate","status":"publish","type":"product","link":"https:\/\/torronediiorio.com\/es\/negozio\/antigua-maner\/turron-crujiente-relleno-de-chocolate\/","title":{"rendered":"Turr\u00f3n crujiente relleno de chocolate"},"content":{"rendered":"<p>Vecchia Maniera es el s\u00edmbolo de la vocaci\u00f3n artesanal de la familia Di Iorio. Un proceso de elaboraci\u00f3n lento para un placer intenso, con 16 horas de cocci\u00f3n en una vasija de cobre, ingredientes exclusivamente de origen italiano y frutos secos seleccionados a mano garantizan una delicia inigualable para los paladares m\u00e1s refinados.<\/p>\n","protected":false},"excerpt":{"rendered":"<p>Elaboraci\u00f3n lenta, con miel y frutos secos italianos<\/p>\n","protected":false},"featured_media":3558,"template":"","meta":{"_acf_changed":false},"product_brand":[],"product_cat":[92],"product_tag":[],"class_list":{"0":"post-3557","1":"product","2":"type-product","3":"status-publish","4":"has-post-thumbnail","6":"product_cat-antigua-maner","8":"first","9":"instock","10":"shipping-taxable","11":"purchasable","12":"product-type-variable","13":"has-default-attributes"},"acf":[],"yoast_head":"<!-- This site is optimized with the Yoast SEO plugin v27.6 - https:\/\/yoast.com\/product\/yoast-seo-wordpress\/ -->\n<title>Turr\u00f3n crujiente relleno de chocolate - Federico Di Iorio s.r.l.<\/title>\n<meta name=\"robots\" content=\"index, follow, max-snippet:-1, max-image-preview:large, max-video-preview:-1\" \/>\n<link rel=\"canonical\" href=\"https:\/\/torronediiorio.com\/es\/negozio\/antigua-maner\/turron-crujiente-relleno-de-chocolate\/\" \/>\n<meta property=\"og:locale\" content=\"es_ES\" \/>\n<meta property=\"og:type\" content=\"article\" \/>\n<meta property=\"og:title\" content=\"Turr\u00f3n crujiente relleno de chocolate - Federico Di Iorio s.r.l.\" \/>\n<meta property=\"og:description\" content=\"Elaboraci\u00f3n lenta, con miel y frutos secos italianos\" \/>\n<meta property=\"og:url\" content=\"https:\/\/torronediiorio.com\/es\/negozio\/antigua-maner\/turron-crujiente-relleno-de-chocolate\/\" \/>\n<meta property=\"og:site_name\" content=\"Federico Di Iorio s.r.l.\" \/>\n<meta property=\"article:publisher\" content=\"https:\/\/www.facebook.com\/torronificiodiiorio\" \/>\n<meta property=\"article:modified_time\" content=\"2023-10-04T10:36:51+00:00\" \/>\n<meta property=\"og:image\" content=\"https:\/\/torronediiorio.com\/wp-content\/uploads\/2020\/09\/vecchia-maniera-cioccolato.jpg\" \/>\n\t<meta property=\"og:image:width\" content=\"600\" \/>\n\t<meta property=\"og:image:height\" content=\"600\" \/>\n\t<meta property=\"og:image:type\" content=\"image\/jpeg\" \/>\n<meta name=\"twitter:card\" content=\"summary_large_image\" \/>\n<script type=\"application\/ld+json\" class=\"yoast-schema-graph\">{\"@context\":\"https:\\\/\\\/schema.org\",\"@graph\":[{\"@type\":\"WebPage\",\"@id\":\"https:\\\/\\\/torronediiorio.com\\\/es\\\/negozio\\\/antigua-maner\\\/turron-crujiente-relleno-de-chocolate\\\/\",\"url\":\"https:\\\/\\\/torronediiorio.com\\\/es\\\/negozio\\\/antigua-maner\\\/turron-crujiente-relleno-de-chocolate\\\/\",\"name\":\"Turr\u00f3n crujiente relleno de chocolate - Federico Di Iorio s.r.l.\",\"isPartOf\":{\"@id\":\"https:\\\/\\\/torronediiorio.com\\\/es\\\/#website\"},\"primaryImageOfPage\":{\"@id\":\"https:\\\/\\\/torronediiorio.com\\\/es\\\/negozio\\\/antigua-maner\\\/turron-crujiente-relleno-de-chocolate\\\/#primaryimage\"},\"image\":{\"@id\":\"https:\\\/\\\/torronediiorio.com\\\/es\\\/negozio\\\/antigua-maner\\\/turron-crujiente-relleno-de-chocolate\\\/#primaryimage\"},\"thumbnailUrl\":\"https:\\\/\\\/torronediiorio.com\\\/wp-content\\\/uploads\\\/2020\\\/09\\\/vecchia-maniera-cioccolato.jpg\",\"datePublished\":\"2020-09-29T13:44:05+00:00\",\"dateModified\":\"2023-10-04T10:36:51+00:00\",\"breadcrumb\":{\"@id\":\"https:\\\/\\\/torronediiorio.com\\\/es\\\/negozio\\\/antigua-maner\\\/turron-crujiente-relleno-de-chocolate\\\/#breadcrumb\"},\"inLanguage\":\"es\",\"potentialAction\":[{\"@type\":\"ReadAction\",\"target\":[\"https:\\\/\\\/torronediiorio.com\\\/es\\\/negozio\\\/antigua-maner\\\/turron-crujiente-relleno-de-chocolate\\\/\"]}]},{\"@type\":\"ImageObject\",\"inLanguage\":\"es\",\"@id\":\"https:\\\/\\\/torronediiorio.com\\\/es\\\/negozio\\\/antigua-maner\\\/turron-crujiente-relleno-de-chocolate\\\/#primaryimage\",\"url\":\"https:\\\/\\\/torronediiorio.com\\\/wp-content\\\/uploads\\\/2020\\\/09\\\/vecchia-maniera-cioccolato.jpg\",\"contentUrl\":\"https:\\\/\\\/torronediiorio.com\\\/wp-content\\\/uploads\\\/2020\\\/09\\\/vecchia-maniera-cioccolato.jpg\",\"width\":600,\"height\":600},{\"@type\":\"BreadcrumbList\",\"@id\":\"https:\\\/\\\/torronediiorio.com\\\/es\\\/negozio\\\/antigua-maner\\\/turron-crujiente-relleno-de-chocolate\\\/#breadcrumb\",\"itemListElement\":[{\"@type\":\"ListItem\",\"position\":1,\"name\":\"Inicio\",\"item\":\"https:\\\/\\\/torronediiorio.com\\\/es\\\/\"},{\"@type\":\"ListItem\",\"position\":2,\"name\":\"Tienda\",\"item\":\"https:\\\/\\\/torronediiorio.com\\\/es\\\/tienda\\\/\"},{\"@type\":\"ListItem\",\"position\":3,\"name\":\"Antigua Maner\",\"item\":\"https:\\\/\\\/torronediiorio.com\\\/es\\\/categoria-producto\\\/antigua-maner\\\/\"},{\"@type\":\"ListItem\",\"position\":4,\"name\":\"Turr\u00f3n crujiente relleno de chocolate\"}]},{\"@type\":\"WebSite\",\"@id\":\"https:\\\/\\\/torronediiorio.com\\\/es\\\/#website\",\"url\":\"https:\\\/\\\/torronediiorio.com\\\/es\\\/\",\"name\":\"Federico Di Iorio s.r.l.\",\"description\":\"Tradici\u00f3n de una dulzura ancestral\",\"publisher\":{\"@id\":\"https:\\\/\\\/torronediiorio.com\\\/es\\\/#organization\"},\"potentialAction\":[{\"@type\":\"SearchAction\",\"target\":{\"@type\":\"EntryPoint\",\"urlTemplate\":\"https:\\\/\\\/torronediiorio.com\\\/es\\\/?s={search_term_string}\"},\"query-input\":{\"@type\":\"PropertyValueSpecification\",\"valueRequired\":true,\"valueName\":\"search_term_string\"}}],\"inLanguage\":\"es\"},{\"@type\":\"Organization\",\"@id\":\"https:\\\/\\\/torronediiorio.com\\\/es\\\/#organization\",\"name\":\"Di Iorio Federico s.r.l.\",\"url\":\"https:\\\/\\\/torronediiorio.com\\\/es\\\/\",\"logo\":{\"@type\":\"ImageObject\",\"inLanguage\":\"es\",\"@id\":\"https:\\\/\\\/torronediiorio.com\\\/es\\\/#\\\/schema\\\/logo\\\/image\\\/\",\"url\":\"https:\\\/\\\/torronediiorio.com\\\/wp-content\\\/uploads\\\/2020\\\/10\\\/logo.png\",\"contentUrl\":\"https:\\\/\\\/torronediiorio.com\\\/wp-content\\\/uploads\\\/2020\\\/10\\\/logo.png\",\"width\":567,\"height\":615,\"caption\":\"Di Iorio Federico s.r.l.\"},\"image\":{\"@id\":\"https:\\\/\\\/torronediiorio.com\\\/es\\\/#\\\/schema\\\/logo\\\/image\\\/\"},\"sameAs\":[\"https:\\\/\\\/www.facebook.com\\\/torronificiodiiorio\",\"https:\\\/\\\/www.instagram.com\\\/torronediiorio\\\/\"]}]}<\/script>\n<!-- \/ Yoast SEO plugin. -->","yoast_head_json":{"title":"Turr\u00f3n crujiente relleno de chocolate - Federico Di Iorio s.r.l.","robots":{"index":"index","follow":"follow","max-snippet":"max-snippet:-1","max-image-preview":"max-image-preview:large","max-video-preview":"max-video-preview:-1"},"canonical":"https:\/\/torronediiorio.com\/es\/negozio\/antigua-maner\/turron-crujiente-relleno-de-chocolate\/","og_locale":"es_ES","og_type":"article","og_title":"Turr\u00f3n crujiente relleno de chocolate - Federico Di Iorio s.r.l.","og_description":"Elaboraci\u00f3n lenta, con miel y frutos secos italianos","og_url":"https:\/\/torronediiorio.com\/es\/negozio\/antigua-maner\/turron-crujiente-relleno-de-chocolate\/","og_site_name":"Federico Di Iorio s.r.l.","article_publisher":"https:\/\/www.facebook.com\/torronificiodiiorio","article_modified_time":"2023-10-04T10:36:51+00:00","og_image":[{"width":600,"height":600,"url":"https:\/\/torronediiorio.com\/wp-content\/uploads\/2020\/09\/vecchia-maniera-cioccolato.jpg","type":"image\/jpeg"}],"twitter_card":"summary_large_image","schema":{"@context":"https:\/\/schema.org","@graph":[{"@type":"WebPage","@id":"https:\/\/torronediiorio.com\/es\/negozio\/antigua-maner\/turron-crujiente-relleno-de-chocolate\/","url":"https:\/\/torronediiorio.com\/es\/negozio\/antigua-maner\/turron-crujiente-relleno-de-chocolate\/","name":"Turr\u00f3n crujiente relleno de chocolate - Federico Di Iorio s.r.l.","isPartOf":{"@id":"https:\/\/torronediiorio.com\/es\/#website"},"primaryImageOfPage":{"@id":"https:\/\/torronediiorio.com\/es\/negozio\/antigua-maner\/turron-crujiente-relleno-de-chocolate\/#primaryimage"},"image":{"@id":"https:\/\/torronediiorio.com\/es\/negozio\/antigua-maner\/turron-crujiente-relleno-de-chocolate\/#primaryimage"},"thumbnailUrl":"https:\/\/torronediiorio.com\/wp-content\/uploads\/2020\/09\/vecchia-maniera-cioccolato.jpg","datePublished":"2020-09-29T13:44:05+00:00","dateModified":"2023-10-04T10:36:51+00:00","breadcrumb":{"@id":"https:\/\/torronediiorio.com\/es\/negozio\/antigua-maner\/turron-crujiente-relleno-de-chocolate\/#breadcrumb"},"inLanguage":"es","potentialAction":[{"@type":"ReadAction","target":["https:\/\/torronediiorio.com\/es\/negozio\/antigua-maner\/turron-crujiente-relleno-de-chocolate\/"]}]},{"@type":"ImageObject","inLanguage":"es","@id":"https:\/\/torronediiorio.com\/es\/negozio\/antigua-maner\/turron-crujiente-relleno-de-chocolate\/#primaryimage","url":"https:\/\/torronediiorio.com\/wp-content\/uploads\/2020\/09\/vecchia-maniera-cioccolato.jpg","contentUrl":"https:\/\/torronediiorio.com\/wp-content\/uploads\/2020\/09\/vecchia-maniera-cioccolato.jpg","width":600,"height":600},{"@type":"BreadcrumbList","@id":"https:\/\/torronediiorio.com\/es\/negozio\/antigua-maner\/turron-crujiente-relleno-de-chocolate\/#breadcrumb","itemListElement":[{"@type":"ListItem","position":1,"name":"Inicio","item":"https:\/\/torronediiorio.com\/es\/"},{"@type":"ListItem","position":2,"name":"Tienda","item":"https:\/\/torronediiorio.com\/es\/tienda\/"},{"@type":"ListItem","position":3,"name":"Antigua Maner","item":"https:\/\/torronediiorio.com\/es\/categoria-producto\/antigua-maner\/"},{"@type":"ListItem","position":4,"name":"Turr\u00f3n crujiente relleno de chocolate"}]},{"@type":"WebSite","@id":"https:\/\/torronediiorio.com\/es\/#website","url":"https:\/\/torronediiorio.com\/es\/","name":"Federico Di Iorio s.r.l.","description":"Tradici\u00f3n de una dulzura ancestral","publisher":{"@id":"https:\/\/torronediiorio.com\/es\/#organization"},"potentialAction":[{"@type":"SearchAction","target":{"@type":"EntryPoint","urlTemplate":"https:\/\/torronediiorio.com\/es\/?s={search_term_string}"},"query-input":{"@type":"PropertyValueSpecification","valueRequired":true,"valueName":"search_term_string"}}],"inLanguage":"es"},{"@type":"Organization","@id":"https:\/\/torronediiorio.com\/es\/#organization","name":"Di Iorio Federico s.r.l.","url":"https:\/\/torronediiorio.com\/es\/","logo":{"@type":"ImageObject","inLanguage":"es","@id":"https:\/\/torronediiorio.com\/es\/#\/schema\/logo\/image\/","url":"https:\/\/torronediiorio.com\/wp-content\/uploads\/2020\/10\/logo.png","contentUrl":"https:\/\/torronediiorio.com\/wp-content\/uploads\/2020\/10\/logo.png","width":567,"height":615,"caption":"Di Iorio Federico s.r.l."},"image":{"@id":"https:\/\/torronediiorio.com\/es\/#\/schema\/logo\/image\/"},"sameAs":["https:\/\/www.facebook.com\/torronificiodiiorio","https:\/\/www.instagram.com\/torronediiorio\/"]}]}},"_links":{"self":[{"href":"https:\/\/torronediiorio.com\/es\/wp-json\/wp\/v2\/product\/3557","targetHints":{"allow":["GET"]}}],"collection":[{"href":"https:\/\/torronediiorio.com\/es\/wp-json\/wp\/v2\/product"}],"about":[{"href":"https:\/\/torronediiorio.com\/es\/wp-json\/wp\/v2\/types\/product"}],"wp:featuredmedia":[{"embeddable":true,"href":"https:\/\/torronediiorio.com\/es\/wp-json\/wp\/v2\/media\/3558"}],"wp:attachment":[{"href":"https:\/\/torronediiorio.com\/es\/wp-json\/wp\/v2\/media?parent=3557"}],"wp:term":[{"taxonomy":"product_brand","embeddable":true,"href":"https:\/\/torronediiorio.com\/es\/wp-json\/wp\/v2\/product_brand?post=3557"},{"taxonomy":"product_cat","embeddable":true,"href":"https:\/\/torronediiorio.com\/es\/wp-json\/wp\/v2\/product_cat?post=3557"},{"taxonomy":"product_tag","embeddable":true,"href":"https:\/\/torronediiorio.com\/es\/wp-json\/wp\/v2\/product_tag?post=3557"}],"curies":[{"name":"wp","href":"https:\/\/api.w.org\/{rel}","templated":true}]}}